{"id":691,"date":"2024-04-22T16:19:51","date_gmt":"2024-04-22T14:19:51","guid":{"rendered":"https:\/\/www.wingchunlille.com\/?page_id=691"},"modified":"2024-04-22T16:27:54","modified_gmt":"2024-04-22T14:27:54","slug":"mentions-legales","status":"publish","type":"page","link":"https:\/\/www.wingchunlille.com\/index.php\/mentions-legales\/","title":{"rendered":"Mentions L\u00e9gales"},"content":{"rendered":"<p>[et_pb_section fb_built=\u00a0\u00bb1&Prime; _builder_version=\u00a0\u00bb4.25.0&Prime; _module_preset=\u00a0\u00bbdefault\u00a0\u00bb global_colors_info=\u00a0\u00bb{}\u00a0\u00bb][et_pb_row _builder_version=\u00a0\u00bb4.25.0&Prime; _module_preset=\u00a0\u00bbdefault\u00a0\u00bb global_colors_info=\u00a0\u00bb{}\u00a0\u00bb][et_pb_column type=\u00a0\u00bb4_4&Prime; _builder_version=\u00a0\u00bb4.25.0&Prime; _module_preset=\u00a0\u00bbdefault\u00a0\u00bb global_colors_info=\u00a0\u00bb{}\u00a0\u00bb][et_pb_text _builder_version=\u00a0\u00bb4.25.0&Prime; _module_preset=\u00a0\u00bbdefault\u00a0\u00bb global_colors_info=\u00a0\u00bb{}\u00a0\u00bb]<\/p>\n<p>La page mentions l\u00e9gales<br \/>Pr\u00e9sentation de l\u2019entreprise<br \/>\uf0b7 D\u00e9nomination sociale ou raison sociale.<br \/>\uf0b7 Adresse du si\u00e8ge social.<br \/>\uf0b7 Num\u00e9ro de t\u00e9l\u00e9phone et adresse de courrier \u00e9lectronique.<br \/>\uf0b7 Forme juridique de la soci\u00e9t\u00e9 (SA, SARL, SNC, SAS, etc.) pour une soci\u00e9t\u00e9.<br \/>\uf0b7 Montant du capital social pour une soci\u00e9t\u00e9.<br \/>\uf0b7 Nom du directeur ou du codirecteur de la publication et celui du responsable de la r\u00e9daction s&rsquo;il<br \/>en existe un.<\/p>\n<p>H\u00e9bergement<br \/>\uf0b7 Nom et coordonn\u00e9es de l\u2019h\u00e9bergeur du site : OVH &#8211; 2 rue Kellermann &#8211; 59100 Roubaix &#8211; France.<br \/>\uf0b7 T\u00e9l\u00e9phone : 0 820 698 765<\/p>\n<p>&nbsp;<\/p>\n<p>Cr\u00e9dits<\/p>\n<p>Visuels : Pexels<\/p>\n<p>R\u00e9utilisation des contenus<br \/>Sauf mention contraire, la r\u00e9utilisation des contenus de (nom de votre site internet) est soumise aux<br \/>r\u00e8gles pr\u00e9cis\u00e9es ci-dessous :<br \/>\u2026\u2026<\/p>\n<p>[\/et_pb_text][\/et_pb_column][\/et_pb_row][\/et_pb_section]<\/p>\n","protected":false},"excerpt":{"rendered":"<p>La page mentions l\u00e9galesPr\u00e9sentation de l\u2019entreprise\uf0b7 D\u00e9nomination sociale ou raison sociale.\uf0b7 Adresse du si\u00e8ge social.\uf0b7 Num\u00e9ro de t\u00e9l\u00e9phone et adresse de courrier \u00e9lectronique.\uf0b7 Forme juridique de la soci\u00e9t\u00e9 (SA, SARL, SNC, SAS, etc.) pour une soci\u00e9t\u00e9.\uf0b7 Montant du capital social pour une soci\u00e9t\u00e9.\uf0b7 Nom du directeur ou du codirecteur de la publication et celui du [&hellip;]<\/p>\n","protected":false},"author":1,"featured_media":0,"parent":0,"menu_order":0,"comment_status":"closed","ping_status":"closed","template":"","meta":{"_et_pb_use_builder":"on","_et_pb_old_content":"<!-- wp:divi\/placeholder \/-->","_et_gb_content_width":"","footnotes":""},"class_list":["post-691","page","type-page","status-publish","hentry"],"yoast_head":"<!-- This site is optimized with the Yoast SEO plugin v27.5 - https:\/\/yoast.com\/product\/yoast-seo-wordpress\/ -->\n<title>Mentions L\u00e9gales - wingchun<\/title>\n<meta name=\"robots\" content=\"index, follow, max-snippet:-1, max-image-preview:large, max-video-preview:-1\" \/>\n<link rel=\"canonical\" href=\"https:\/\/www.wingchunlille.com\/index.php\/mentions-legales\/\" \/>\n<meta property=\"og:locale\" content=\"fr_FR\" \/>\n<meta property=\"og:type\" content=\"article\" \/>\n<meta property=\"og:title\" content=\"Mentions L\u00e9gales - wingchun\" \/>\n<meta property=\"og:description\" content=\"La page mentions l\u00e9galesPr\u00e9sentation de l\u2019entreprise\uf0b7 D\u00e9nomination sociale ou raison sociale.\uf0b7 Adresse du si\u00e8ge social.\uf0b7 Num\u00e9ro de t\u00e9l\u00e9phone et adresse de courrier \u00e9lectronique.\uf0b7 Forme juridique de la soci\u00e9t\u00e9 (SA, SARL, SNC, SAS, etc.) pour une soci\u00e9t\u00e9.\uf0b7 Montant du capital social pour une soci\u00e9t\u00e9.\uf0b7 Nom du directeur ou du codirecteur de la publication et celui du [&hellip;]\" \/>\n<meta property=\"og:url\" content=\"https:\/\/www.wingchunlille.com\/index.php\/mentions-legales\/\" \/>\n<meta property=\"og:site_name\" content=\"wingchun\" \/>\n<meta property=\"article:modified_time\" content=\"2024-04-22T14:27:54+00:00\" \/>\n<meta name=\"twitter:card\" content=\"summary_large_image\" \/>\n<script type=\"application\/ld+json\" class=\"yoast-schema-graph\">{\"@context\":\"https:\\\/\\\/schema.org\",\"@graph\":[{\"@type\":\"WebPage\",\"@id\":\"https:\\\/\\\/www.wingchunlille.com\\\/index.php\\\/mentions-legales\\\/\",\"url\":\"https:\\\/\\\/www.wingchunlille.com\\\/index.php\\\/mentions-legales\\\/\",\"name\":\"Mentions L\u00e9gales - wingchun\",\"isPartOf\":{\"@id\":\"https:\\\/\\\/www.wingchunlille.com\\\/#website\"},\"datePublished\":\"2024-04-22T14:19:51+00:00\",\"dateModified\":\"2024-04-22T14:27:54+00:00\",\"breadcrumb\":{\"@id\":\"https:\\\/\\\/www.wingchunlille.com\\\/index.php\\\/mentions-legales\\\/#breadcrumb\"},\"inLanguage\":\"fr-FR\",\"potentialAction\":[{\"@type\":\"ReadAction\",\"target\":[\"https:\\\/\\\/www.wingchunlille.com\\\/index.php\\\/mentions-legales\\\/\"]}]},{\"@type\":\"BreadcrumbList\",\"@id\":\"https:\\\/\\\/www.wingchunlille.com\\\/index.php\\\/mentions-legales\\\/#breadcrumb\",\"itemListElement\":[{\"@type\":\"ListItem\",\"position\":1,\"name\":\"Home\",\"item\":\"https:\\\/\\\/www.wingchunlille.com\\\/\"},{\"@type\":\"ListItem\",\"position\":2,\"name\":\"Mentions L\u00e9gales\"}]},{\"@type\":\"WebSite\",\"@id\":\"https:\\\/\\\/www.wingchunlille.com\\\/#website\",\"url\":\"https:\\\/\\\/www.wingchunlille.com\\\/\",\"name\":\"wingchun\",\"description\":\"\",\"potentialAction\":[{\"@type\":\"SearchAction\",\"target\":{\"@type\":\"EntryPoint\",\"urlTemplate\":\"https:\\\/\\\/www.wingchunlille.com\\\/?s={search_term_string}\"},\"query-input\":{\"@type\":\"PropertyValueSpecification\",\"valueRequired\":true,\"valueName\":\"search_term_string\"}}],\"inLanguage\":\"fr-FR\"}]}<\/script>\n<!-- \/ Yoast SEO plugin. -->","yoast_head_json":{"title":"Mentions L\u00e9gales - wingchun","robots":{"index":"index","follow":"follow","max-snippet":"max-snippet:-1","max-image-preview":"max-image-preview:large","max-video-preview":"max-video-preview:-1"},"canonical":"https:\/\/www.wingchunlille.com\/index.php\/mentions-legales\/","og_locale":"fr_FR","og_type":"article","og_title":"Mentions L\u00e9gales - wingchun","og_description":"La page mentions l\u00e9galesPr\u00e9sentation de l\u2019entreprise\uf0b7 D\u00e9nomination sociale ou raison sociale.\uf0b7 Adresse du si\u00e8ge social.\uf0b7 Num\u00e9ro de t\u00e9l\u00e9phone et adresse de courrier \u00e9lectronique.\uf0b7 Forme juridique de la soci\u00e9t\u00e9 (SA, SARL, SNC, SAS, etc.) pour une soci\u00e9t\u00e9.\uf0b7 Montant du capital social pour une soci\u00e9t\u00e9.\uf0b7 Nom du directeur ou du codirecteur de la publication et celui du [&hellip;]","og_url":"https:\/\/www.wingchunlille.com\/index.php\/mentions-legales\/","og_site_name":"wingchun","article_modified_time":"2024-04-22T14:27:54+00:00","twitter_card":"summary_large_image","schema":{"@context":"https:\/\/schema.org","@graph":[{"@type":"WebPage","@id":"https:\/\/www.wingchunlille.com\/index.php\/mentions-legales\/","url":"https:\/\/www.wingchunlille.com\/index.php\/mentions-legales\/","name":"Mentions L\u00e9gales - wingchun","isPartOf":{"@id":"https:\/\/www.wingchunlille.com\/#website"},"datePublished":"2024-04-22T14:19:51+00:00","dateModified":"2024-04-22T14:27:54+00:00","breadcrumb":{"@id":"https:\/\/www.wingchunlille.com\/index.php\/mentions-legales\/#breadcrumb"},"inLanguage":"fr-FR","potentialAction":[{"@type":"ReadAction","target":["https:\/\/www.wingchunlille.com\/index.php\/mentions-legales\/"]}]},{"@type":"BreadcrumbList","@id":"https:\/\/www.wingchunlille.com\/index.php\/mentions-legales\/#breadcrumb","itemListElement":[{"@type":"ListItem","position":1,"name":"Home","item":"https:\/\/www.wingchunlille.com\/"},{"@type":"ListItem","position":2,"name":"Mentions L\u00e9gales"}]},{"@type":"WebSite","@id":"https:\/\/www.wingchunlille.com\/#website","url":"https:\/\/www.wingchunlille.com\/","name":"wingchun","description":"","potentialAction":[{"@type":"SearchAction","target":{"@type":"EntryPoint","urlTemplate":"https:\/\/www.wingchunlille.com\/?s={search_term_string}"},"query-input":{"@type":"PropertyValueSpecification","valueRequired":true,"valueName":"search_term_string"}}],"inLanguage":"fr-FR"}]}},"_links":{"self":[{"href":"https:\/\/www.wingchunlille.com\/index.php\/wp-json\/wp\/v2\/pages\/691","targetHints":{"allow":["GET"]}}],"collection":[{"href":"https:\/\/www.wingchunlille.com\/index.php\/wp-json\/wp\/v2\/pages"}],"about":[{"href":"https:\/\/www.wingchunlille.com\/index.php\/wp-json\/wp\/v2\/types\/page"}],"author":[{"embeddable":true,"href":"https:\/\/www.wingchunlille.com\/index.php\/wp-json\/wp\/v2\/users\/1"}],"replies":[{"embeddable":true,"href":"https:\/\/www.wingchunlille.com\/index.php\/wp-json\/wp\/v2\/comments?post=691"}],"version-history":[{"count":4,"href":"https:\/\/www.wingchunlille.com\/index.php\/wp-json\/wp\/v2\/pages\/691\/revisions"}],"predecessor-version":[{"id":701,"href":"https:\/\/www.wingchunlille.com\/index.php\/wp-json\/wp\/v2\/pages\/691\/revisions\/701"}],"wp:attachment":[{"href":"https:\/\/www.wingchunlille.com\/index.php\/wp-json\/wp\/v2\/media?parent=691"}],"curies":[{"name":"wp","href":"https:\/\/api.w.org\/{rel}","templated":true}]}}